{"id":4192,"date":"2026-04-09T09:10:41","date_gmt":"2026-04-09T02:10:41","guid":{"rendered":"https:\/\/phanchautrinh-tienphuoc.edu.vn\/?page_id=4192"},"modified":"2026-04-09T09:22:49","modified_gmt":"2026-04-09T02:22:49","slug":"lien-he","status":"publish","type":"page","link":"https:\/\/phanchautrinh-tienphuoc.edu.vn\/index.php\/lien-he\/","title":{"rendered":"LI\u00caN H\u1ec6"},"content":{"rendered":"<div class=\"glass-wrapper\">\n<div class=\"glass-container\">\n<div class=\"contact-info\">\n<h2>Th\u00f4ng Tin Li\u00ean H\u1ec7<\/h2>\n<p style=\"margin-bottom: 40px; color: rgba(255,255,255,0.8);\">Th\u1eddi gian l\u00e0m vi\u1ec7c tr\u1ef1c ti\u1ebfp <br \/> Bu\u1ed5i s\u00e1ng: t\u1eeb 7 gi\u1edd 30 \u0111\u1ebfn 11 gi\u1edd 30 <br \/> Bu\u1ed5i chi\u1ec1u: t\u1eeb 1 gi\u1edd 30 \u0111\u1ebfn 5 gi\u1edd 30<\/p>\n<div class=\"info-item\">\n<div class=\"icon\">\ud83d\udccd<\/div>\n<div>\n                    <strong>\u0110\u1ecba ch\u1ec9<\/strong><\/p>\n<div style=\"font-size: 14px; color: rgba(255,255,255,0.8);\">Tr\u01b0\u1eddng THPT Phan Ch\u00e2u Trinh &#8211; Ti\u00ean Ph\u01b0\u1edbc <br \/> 150 Phan Ch\u00e2u Trinh, x\u00e3 Ti\u00ean Ph\u01b0\u1edbc, th\u00e0nh ph\u1ed1 \u0110\u00e0 N\u1eb5ng<\/div>\n<\/p><\/div>\n<\/p><\/div>\n<div class=\"info-item\">\n<div class=\"icon\">\ud83d\udcde<\/div>\n<div>\n                    <strong>\u0110i\u1ec7n tho\u1ea1i<\/strong><\/p>\n<div style=\"font-size: 14px; color: rgba(255,255,255,0.8);\">0235 884 739<\/div>\n<\/p><\/div>\n<\/p><\/div>\n<div class=\"info-item\">\n<div class=\"icon\">\u2709\ufe0f<\/div>\n<div>\n                    <strong>Mail<\/strong><\/p>\n<div style=\"font-size: 14px; color: rgba(255,255,255,0.8);\">tthptpct.sgddt@danang.gov.vn<\/div>\n<\/p><\/div>\n<\/p><\/div>\n<\/p><\/div>\n<div class=\"contact-form\">\n<h2>G\u1eedi L\u1eddi Nh\u1eafn<\/h2>\n<form action=\"#\" method=\"POST\">\n<div class=\"input-box\">\n                    <input type=\"text\" name=\"name\" required><br \/>\n                    <label>H\u1ecd v\u00e0 t\u00ean<\/label>\n                <\/div>\n<div class=\"input-box\">\n                    <input type=\"email\" name=\"email\" required><br \/>\n                    <label>Email c\u1ee7a b\u1ea1n<\/label>\n                <\/div>\n<div class=\"input-box\">\n                    <textarea name=\"message\" rows=\"3\" required><\/textarea><br \/>\n                    <label>B\u1ea1n mu\u1ed1n n\u00f3i g\u00ec?<\/label>\n                <\/div>\n<p>                <button type=\"submit\" class=\"submit-btn\">G\u1eedi Tin Nh\u1eafn \ud83d\ude80<\/button><br \/>\n            <\/form>\n<\/p><\/div>\n<\/p><\/div>\n<\/div>\n","protected":false},"excerpt":{"rendered":"<p>Th\u00f4ng Tin Li\u00ean H\u1ec7 Th\u1eddi gian l\u00e0m vi\u1ec7c tr\u1ef1c ti\u1ebfp Bu\u1ed5i s\u00e1ng: t\u1eeb 7 gi\u1edd 30 \u0111\u1ebfn 11 gi\u1edd 30 Bu\u1ed5i chi\u1ec1u: t\u1eeb 1 gi\u1edd 30 \u0111\u1ebfn 5 gi\u1edd 30 \ud83d\udccd \u0110\u1ecba ch\u1ec9 Tr\u01b0\u1eddng THPT Phan Ch\u00e2u Trinh &#8211; Ti\u00ean Ph\u01b0\u1edbc 150 Phan Ch\u00e2u Trinh, x\u00e3 Ti\u00ean Ph\u01b0\u1edbc, th\u00e0nh ph\u1ed1 \u0110\u00e0 N\u1eb5ng \ud83d\udcde \u0110i\u1ec7n tho\u1ea1i [&hellip;]<\/p>\n","protected":false},"author":1,"featured_media":0,"parent":0,"menu_order":0,"comment_status":"closed","ping_status":"closed","template":"","meta":{"footnotes":""},"class_list":["post-4192","page","type-page","status-publish","hentry"],"_links":{"self":[{"href":"https:\/\/phanchautrinh-tienphuoc.edu.vn\/index.php\/wp-json\/wp\/v2\/pages\/4192","targetHints":{"allow":["GET"]}}],"collection":[{"href":"https:\/\/phanchautrinh-tienphuoc.edu.vn\/index.php\/wp-json\/wp\/v2\/pages"}],"about":[{"href":"https:\/\/phanchautrinh-tienphuoc.edu.vn\/index.php\/wp-json\/wp\/v2\/types\/page"}],"author":[{"embeddable":true,"href":"https:\/\/phanchautrinh-tienphuoc.edu.vn\/index.php\/wp-json\/wp\/v2\/users\/1"}],"replies":[{"embeddable":true,"href":"https:\/\/phanchautrinh-tienphuoc.edu.vn\/index.php\/wp-json\/wp\/v2\/comments?post=4192"}],"version-history":[{"count":9,"href":"https:\/\/phanchautrinh-tienphuoc.edu.vn\/index.php\/wp-json\/wp\/v2\/pages\/4192\/revisions"}],"predecessor-version":[{"id":4204,"href":"https:\/\/phanchautrinh-tienphuoc.edu.vn\/index.php\/wp-json\/wp\/v2\/pages\/4192\/revisions\/4204"}],"wp:attachment":[{"href":"https:\/\/phanchautrinh-tienphuoc.edu.vn\/index.php\/wp-json\/wp\/v2\/media?parent=4192"}],"curies":[{"name":"wp","href":"https:\/\/api.w.org\/{rel}","templated":true}]}}